{"id":230,"date":"2023-01-13T00:41:33","date_gmt":"2023-01-13T00:41:33","guid":{"rendered":"https:\/\/produideas.com\/?page_id=230"},"modified":"2023-11-06T21:29:35","modified_gmt":"2023-11-06T21:29:35","slug":"video-y-fotografia","status":"publish","type":"page","link":"https:\/\/produideas.com\/","title":{"rendered":"INICIO"},"content":{"rendered":"\t\t<div data-elementor-type=\"wp-page\" data-elementor-id=\"230\" class=\"elementor elementor-230\">\n\t\t\t\t\t\t<section class=\"elementor-section elementor-top-section elementor-element elementor-element-q1mb9ln elementor-section-full_width elementor-section-height-default elementor-section-height-default\" data-id=\"q1mb9ln\" data-element_type=\"section\" data-e-type=\"section\" data-settings=\"{&quot;background_background&quot;:&quot;classic&quot;}\">\n\t\t\t\t\t\t<div class=\"elementor-container elementor-column-gap-default\">\n\t\t\t\t\t<div class=\"elementor-column elementor-col-100 elementor-top-column elementor-element elementor-element-f5ce967\" data-id=\"f5ce967\" data-element_type=\"column\" data-e-type=\"column\">\n\t\t\t<div class=\"elementor-widget-wrap elementor-element-populated\">\n\t\t\t\t\t\t<div class=\"elementor-element elementor-element-c91dab2 elementor-widget-tablet__width-initial elementor-widget elementor-widget-heading\" data-id=\"c91dab2\" data-element_type=\"widget\" data-e-type=\"widget\" data-widget_type=\"heading.default\">\n\t\t\t\t<div class=\"elementor-widget-container\">\n\t\t\t\t\t<h1 class=\"elementor-heading-title elementor-size-medium\">Video \/ Fotograf\u00eda \/ Edici\u00f3n<\/h1>\t\t\t\t<\/div>\n\t\t\t\t<\/div>\n\t\t\t\t\t<\/div>\n\t\t<\/div>\n\t\t\t\t\t<\/div>\n\t\t<\/section>\n\t\t\t\t<section class=\"elementor-section elementor-top-section elementor-element elementor-element-610d1c9 elementor-section-boxed elementor-section-height-default elementor-section-height-default\" data-id=\"610d1c9\" data-element_type=\"section\" data-e-type=\"section\">\n\t\t\t\t\t\t<div class=\"elementor-container elementor-column-gap-default\">\n\t\t\t\t\t<div class=\"elementor-column elementor-col-100 elementor-top-column elementor-element elementor-element-f9b34b8\" data-id=\"f9b34b8\" data-element_type=\"column\" data-e-type=\"column\">\n\t\t\t<div class=\"elementor-widget-wrap elementor-element-populated\">\n\t\t\t\t\t\t<div class=\"elementor-element elementor-element-120de43 elementor-widget elementor-widget-spacer\" data-id=\"120de43\" data-element_type=\"widget\" data-e-type=\"widget\" data-widget_type=\"spacer.default\">\n\t\t\t\t<div class=\"elementor-widget-container\">\n\t\t\t\t\t\t\t<div class=\"elementor-spacer\">\n\t\t\t<div class=\"elementor-spacer-inner\"><\/div>\n\t\t<\/div>\n\t\t\t\t\t\t<\/div>\n\t\t\t\t<\/div>\n\t\t\t\t<div class=\"elementor-element elementor-element-bf885b2 elementor-widget elementor-widget-spacer\" data-id=\"bf885b2\" data-element_type=\"widget\" data-e-type=\"widget\" data-widget_type=\"spacer.default\">\n\t\t\t\t<div class=\"elementor-widget-container\">\n\t\t\t\t\t\t\t<div class=\"elementor-spacer\">\n\t\t\t<div class=\"elementor-spacer-inner\"><\/div>\n\t\t<\/div>\n\t\t\t\t\t\t<\/div>\n\t\t\t\t<\/div>\n\t\t\t\t\t<\/div>\n\t\t<\/div>\n\t\t\t\t\t<\/div>\n\t\t<\/section>\n\t\t\t\t<section class=\"elementor-section elementor-top-section elementor-element elementor-element-6ca0045 elementor-section-boxed elementor-section-height-default elementor-section-height-default\" data-id=\"6ca0045\" data-element_type=\"section\" data-e-type=\"section\">\n\t\t\t\t\t\t<div class=\"elementor-container elementor-column-gap-default\">\n\t\t\t\t\t<div class=\"elementor-column elementor-col-33 elementor-top-column elementor-element elementor-element-b7f3b09\" data-id=\"b7f3b09\" data-element_type=\"column\" data-e-type=\"column\">\n\t\t\t<div class=\"elementor-widget-wrap elementor-element-populated\">\n\t\t\t\t\t\t<div class=\"elementor-element elementor-element-3496101 elementor-widget elementor-widget-heading\" data-id=\"3496101\" data-element_type=\"widget\" data-e-type=\"widget\" data-widget_type=\"heading.default\">\n\t\t\t\t<div class=\"elementor-widget-container\">\n\t\t\t\t\t<h2 class=\"elementor-heading-title elementor-size-xl\">DRONE<\/h2>\t\t\t\t<\/div>\n\t\t\t\t<\/div>\n\t\t\t\t<div class=\"elementor-element elementor-element-9070793 elementor-widget__width-initial elementor-widget elementor-widget-image\" data-id=\"9070793\" data-element_type=\"widget\" data-e-type=\"widget\" data-widget_type=\"image.default\">\n\t\t\t\t<div class=\"elementor-widget-container\">\n\t\t\t\t\t\t\t\t\t\t\t\t\t\t\t\t<a href=\"https:\/\/www.youtube.com\/playlist?list=PL6PU5_jNth9stHD1fBjZe8M8nL8MmPsBu\" target=\"_blank\" rel=\"noopener\">\n\t\t\t\t\t\t\t<img fetchpriority=\"high\" decoding=\"async\" width=\"1536\" height=\"864\" src=\"https:\/\/produideas.com\/wp-content\/uploads\/2023\/08\/ANTIGUOMOTRIZ-6-1536x864.png\" class=\"attachment-1536x1536 size-1536x1536 wp-image-422\" alt=\"\" srcset=\"https:\/\/produideas.com\/wp-content\/uploads\/2023\/08\/ANTIGUOMOTRIZ-6-1536x864.png 1536w, https:\/\/produideas.com\/wp-content\/uploads\/2023\/08\/ANTIGUOMOTRIZ-6-300x169.png 300w, https:\/\/produideas.com\/wp-content\/uploads\/2023\/08\/ANTIGUOMOTRIZ-6-1024x576.png 1024w, https:\/\/produideas.com\/wp-content\/uploads\/2023\/08\/ANTIGUOMOTRIZ-6-768x432.png 768w, https:\/\/produideas.com\/wp-content\/uploads\/2023\/08\/ANTIGUOMOTRIZ-6-2048x1152.png 2048w\" sizes=\"(max-width: 1536px) 100vw, 1536px\" \/>\t\t\t\t\t\t\t\t<\/a>\n\t\t\t\t\t\t\t\t\t\t\t\t\t\t\t<\/div>\n\t\t\t\t<\/div>\n\t\t\t\t\t<\/div>\n\t\t<\/div>\n\t\t\t\t<div class=\"elementor-column elementor-col-33 elementor-top-column elementor-element elementor-element-033b7df\" data-id=\"033b7df\" data-element_type=\"column\" data-e-type=\"column\">\n\t\t\t<div class=\"elementor-widget-wrap elementor-element-populated\">\n\t\t\t\t\t\t<div class=\"elementor-element elementor-element-66044a9 elementor-widget elementor-widget-heading\" data-id=\"66044a9\" data-element_type=\"widget\" data-e-type=\"widget\" data-widget_type=\"heading.default\">\n\t\t\t\t<div class=\"elementor-widget-container\">\n\t\t\t\t\t<h2 class=\"elementor-heading-title elementor-size-medium\">FOTOGRAF\u00cdA Y VIDEO<\/h2>\t\t\t\t<\/div>\n\t\t\t\t<\/div>\n\t\t\t\t<div class=\"elementor-element elementor-element-cf882d9 elementor-widget elementor-widget-image\" data-id=\"cf882d9\" data-element_type=\"widget\" data-e-type=\"widget\" data-widget_type=\"image.default\">\n\t\t\t\t<div class=\"elementor-widget-container\">\n\t\t\t\t\t\t\t\t\t\t\t\t\t\t\t\t<a href=\"https:\/\/www.instagram.com\/produideas\/\" target=\"_blank\" rel=\"noopener\">\n\t\t\t\t\t\t\t<img decoding=\"async\" width=\"1024\" height=\"682\" src=\"https:\/\/produideas.com\/wp-content\/uploads\/2023\/08\/INZEKTOZ-4-1024x682.jpeg\" class=\"attachment-large size-large wp-image-421\" alt=\"\" srcset=\"https:\/\/produideas.com\/wp-content\/uploads\/2023\/08\/INZEKTOZ-4-1024x682.jpeg 1024w, https:\/\/produideas.com\/wp-content\/uploads\/2023\/08\/INZEKTOZ-4-300x200.jpeg 300w, https:\/\/produideas.com\/wp-content\/uploads\/2023\/08\/INZEKTOZ-4-768x512.jpeg 768w, https:\/\/produideas.com\/wp-content\/uploads\/2023\/08\/INZEKTOZ-4.jpeg 1280w\" sizes=\"(max-width: 1024px) 100vw, 1024px\" \/>\t\t\t\t\t\t\t\t<\/a>\n\t\t\t\t\t\t\t\t\t\t\t\t\t\t\t<\/div>\n\t\t\t\t<\/div>\n\t\t\t\t\t<\/div>\n\t\t<\/div>\n\t\t\t\t<div class=\"elementor-column elementor-col-33 elementor-top-column elementor-element elementor-element-7b5f45e\" data-id=\"7b5f45e\" data-element_type=\"column\" data-e-type=\"column\">\n\t\t\t<div class=\"elementor-widget-wrap elementor-element-populated\">\n\t\t\t\t\t\t<div class=\"elementor-element elementor-element-844615e elementor-widget elementor-widget-heading\" data-id=\"844615e\" data-element_type=\"widget\" data-e-type=\"widget\" data-widget_type=\"heading.default\">\n\t\t\t\t<div class=\"elementor-widget-container\">\n\t\t\t\t\t<h2 class=\"elementor-heading-title elementor-size-medium\">GRABACI\u00d3N <\/h2>\t\t\t\t<\/div>\n\t\t\t\t<\/div>\n\t\t\t\t<div class=\"elementor-element elementor-element-02bb2d8 elementor-widget__width-initial elementor-widget elementor-widget-image\" data-id=\"02bb2d8\" data-element_type=\"widget\" data-e-type=\"widget\" data-widget_type=\"image.default\">\n\t\t\t\t<div class=\"elementor-widget-container\">\n\t\t\t\t\t\t\t\t\t\t\t\t\t\t\t\t<a href=\"https:\/\/youtube.com\/playlist?list=PL6PU5_jNth9txuEKq_09-wwU_QdjHE5oo&#038;si=Gxw9zG32iDwcGSfb\" target=\"_blank\" rel=\"noopener\">\n\t\t\t\t\t\t\t<img decoding=\"async\" width=\"768\" height=\"509\" src=\"https:\/\/produideas.com\/wp-content\/uploads\/2023\/01\/Video-768x509.jpg\" class=\"attachment-medium_large size-medium_large wp-image-373\" alt=\"\" srcset=\"https:\/\/produideas.com\/wp-content\/uploads\/2023\/01\/Video-768x509.jpg 768w, https:\/\/produideas.com\/wp-content\/uploads\/2023\/01\/Video-300x199.jpg 300w, https:\/\/produideas.com\/wp-content\/uploads\/2023\/01\/Video-1024x678.jpg 1024w, https:\/\/produideas.com\/wp-content\/uploads\/2023\/01\/Video-1536x1017.jpg 1536w, https:\/\/produideas.com\/wp-content\/uploads\/2023\/01\/Video-2048x1356.jpg 2048w\" sizes=\"(max-width: 768px) 100vw, 768px\" \/>\t\t\t\t\t\t\t\t<\/a>\n\t\t\t\t\t\t\t\t\t\t\t\t\t\t\t<\/div>\n\t\t\t\t<\/div>\n\t\t\t\t\t<\/div>\n\t\t<\/div>\n\t\t\t\t\t<\/div>\n\t\t<\/section>\n\t\t\t\t<section class=\"elementor-section elementor-top-section elementor-element elementor-element-6ae1bdc elementor-section-boxed elementor-section-height-default elementor-section-height-default\" data-id=\"6ae1bdc\" data-element_type=\"section\" data-e-type=\"section\">\n\t\t\t\t\t\t<div class=\"elementor-container elementor-column-gap-default\">\n\t\t\t\t\t<div class=\"elementor-column elementor-col-100 elementor-top-column elementor-element elementor-element-6ad547e\" data-id=\"6ad547e\" data-element_type=\"column\" data-e-type=\"column\">\n\t\t\t<div class=\"elementor-widget-wrap elementor-element-populated\">\n\t\t\t\t\t\t<div class=\"elementor-element elementor-element-68af111b elementor-widget__width-inherit elementor-shape-square elementor-grid-3 elementor-widget-tablet__width-initial e-grid-align-center elementor-widget elementor-widget-social-icons\" data-id=\"68af111b\" data-element_type=\"widget\" data-e-type=\"widget\" data-widget_type=\"social-icons.default\">\n\t\t\t\t<div class=\"elementor-widget-container\">\n\t\t\t\t\t\t\t<div class=\"elementor-social-icons-wrapper elementor-grid\" role=\"list\">\n\t\t\t\t\t\t\t<span class=\"elementor-grid-item\" role=\"listitem\">\n\t\t\t\t\t<a class=\"elementor-icon elementor-social-icon elementor-social-icon-instagram elementor-repeater-item-e6527f5\" href=\"https:\/\/www.instagram.com\/produideas\/\" target=\"_blank\" rel=\"noopener\">\n\t\t\t\t\t\t<span class=\"elementor-screen-only\">Instagram<\/span>\n\t\t\t\t\t\t<i aria-hidden=\"true\" class=\"fab fa-instagram\"><\/i>\t\t\t\t\t<\/a>\n\t\t\t\t<\/span>\n\t\t\t\t\t\t\t<span class=\"elementor-grid-item\" role=\"listitem\">\n\t\t\t\t\t<a class=\"elementor-icon elementor-social-icon elementor-social-icon-facebook elementor-repeater-item-3f2375f\" href=\"https:\/\/www.facebook.com\/produideas\/\" target=\"_blank\" rel=\"noopener\">\n\t\t\t\t\t\t<span class=\"elementor-screen-only\">Facebook<\/span>\n\t\t\t\t\t\t<i aria-hidden=\"true\" class=\"fab fa-facebook\"><\/i>\t\t\t\t\t<\/a>\n\t\t\t\t<\/span>\n\t\t\t\t\t\t\t<span class=\"elementor-grid-item\" role=\"listitem\">\n\t\t\t\t\t<a class=\"elementor-icon elementor-social-icon elementor-social-icon-youtube elementor-repeater-item-ee54bbc\" href=\"https:\/\/www.youtube.com\/@produideasproductoraaudiov5302\" target=\"_blank\" rel=\"noopener\">\n\t\t\t\t\t\t<span class=\"elementor-screen-only\">Youtube<\/span>\n\t\t\t\t\t\t<i aria-hidden=\"true\" class=\"fab fa-youtube\"><\/i>\t\t\t\t\t<\/a>\n\t\t\t\t<\/span>\n\t\t\t\t\t<\/div>\n\t\t\t\t\t\t<\/div>\n\t\t\t\t<\/div>\n\t\t\t\t\t<\/div>\n\t\t<\/div>\n\t\t\t\t\t<\/div>\n\t\t<\/section>\n\t\t\t\t<section class=\"elementor-section elementor-top-section elementor-element elementor-element-1cf659d elementor-section-boxed elementor-section-height-default elementor-section-height-default\" data-id=\"1cf659d\" data-element_type=\"section\" data-e-type=\"section\">\n\t\t\t\t\t\t<div class=\"elementor-container elementor-column-gap-default\">\n\t\t\t\t\t<div class=\"elementor-column elementor-col-100 elementor-top-column elementor-element elementor-element-e8f915a\" data-id=\"e8f915a\" data-element_type=\"column\" data-e-type=\"column\">\n\t\t\t<div class=\"elementor-widget-wrap elementor-element-populated\">\n\t\t\t\t\t\t<div class=\"elementor-element elementor-element-8c34478 elementor-widget elementor-widget-spacer\" data-id=\"8c34478\" data-element_type=\"widget\" data-e-type=\"widget\" data-widget_type=\"spacer.default\">\n\t\t\t\t<div class=\"elementor-widget-container\">\n\t\t\t\t\t\t\t<div class=\"elementor-spacer\">\n\t\t\t<div class=\"elementor-spacer-inner\"><\/div>\n\t\t<\/div>\n\t\t\t\t\t\t<\/div>\n\t\t\t\t<\/div>\n\t\t\t\t\t<\/div>\n\t\t<\/div>\n\t\t\t\t\t<\/div>\n\t\t<\/section>\n\t\t\t\t<\/div>\n\t\t","protected":false},"excerpt":{"rendered":"<p>Video \/ Fotograf\u00eda \/ Edici\u00f3n NUESTROS SERVICIOS DRONE FOTOGRAF\u00cdA Y VIDEO GRABACI\u00d3N Instagram Facebook Youtube<\/p>\n","protected":false},"author":1,"featured_media":0,"parent":0,"menu_order":0,"comment_status":"closed","ping_status":"closed","template":"","meta":{"site-sidebar-layout":"no-sidebar","site-content-layout":"page-builder","ast-site-content-layout":"full-width-container","site-content-style":"unboxed","site-sidebar-style":"unboxed","ast-global-header-display":"","ast-banner-title-visibility":"","ast-main-header-display":"","ast-hfb-above-header-display":"","ast-hfb-below-header-display":"","ast-hfb-mobile-header-display":"","site-post-title":"disabled","ast-breadcrumbs-content":"","ast-featured-img":"disabled","footer-sml-layout":"","theme-transparent-header-meta":"","adv-header-id-meta":"","stick-header-meta":"","header-above-stick-meta":"","header-main-stick-meta":"","header-below-stick-meta":"","astra-migrate-meta-layouts":"set","ast-page-background-enabled":"default","ast-page-background-meta":{"desktop":{"background-color":"var(--ast-global-color-4)","background-image":"","background-repeat":"repeat","background-position":"center center","background-size":"auto","background-attachment":"scroll","background-type":"","background-media":"","overlay-type":"","overlay-color":"","overlay-opacity":"","overlay-gradient":""},"tablet":{"background-color":"","background-image":"","background-repeat":"repeat","background-position":"center center","background-size":"auto","background-attachment":"scroll","background-type":"","background-media":"","overlay-type":"","overlay-color":"","overlay-opacity":"","overlay-gradient":""},"mobile":{"background-color":"","background-image":"","background-repeat":"repeat","background-position":"center center","background-size":"auto","background-attachment":"scroll","background-type":"","background-media":"","overlay-type":"","overlay-color":"","overlay-opacity":"","overlay-gradient":""}},"ast-content-background-meta":{"desktop":{"background-color":"var(--ast-global-color-5)","background-image":"","background-repeat":"repeat","background-position":"center center","background-size":"auto","background-attachment":"scroll","background-type":"","background-media":"","overlay-type":"","overlay-color":"","overlay-opacity":"","overlay-gradient":""},"tablet":{"background-color":"var(--ast-global-color-5)","background-image":"","background-repeat":"repeat","background-position":"center center","background-size":"auto","background-attachment":"scroll","background-type":"","background-media":"","overlay-type":"","overlay-color":"","overlay-opacity":"","overlay-gradient":""},"mobile":{"background-color":"var(--ast-global-color-5)","background-image":"","background-repeat":"repeat","background-position":"center center","background-size":"auto","background-attachment":"scroll","background-type":"","background-media":"","overlay-type":"","overlay-color":"","overlay-opacity":"","overlay-gradient":""}},"footnotes":""},"class_list":["post-230","page","type-page","status-publish","hentry"],"yoast_head":"<!-- This site is optimized with the Yoast SEO plugin v27.5 - https:\/\/yoast.com\/product\/yoast-seo-wordpress\/ -->\n<title>INICIO - REALIZACI\u00d3N AUDIOVISUAL<\/title>\n<meta name=\"description\" content=\"Cubrimiento de eventos en Video y Fotograf\u00eda.| Eventos | Celebraciones | Presentaciones | Lanzamientos. Cont\u00e1ctenos.\" \/>\n<meta name=\"robots\" content=\"index, follow, max-snippet:-1, max-image-preview:large, max-video-preview:-1\" \/>\n<link rel=\"canonical\" href=\"https:\/\/produideas.com\/\" \/>\n<meta property=\"og:locale\" content=\"es_ES\" \/>\n<meta property=\"og:type\" content=\"article\" \/>\n<meta property=\"og:title\" content=\"INICIO - REALIZACI\u00d3N AUDIOVISUAL\" \/>\n<meta property=\"og:description\" content=\"Cubrimiento de eventos en Video y Fotograf\u00eda.| Eventos | Celebraciones | Presentaciones | Lanzamientos. Cont\u00e1ctenos.\" \/>\n<meta property=\"og:url\" content=\"https:\/\/produideas.com\/\" \/>\n<meta property=\"og:site_name\" content=\"REALIZACI\u00d3N AUDIOVISUAL\" \/>\n<meta property=\"article:modified_time\" content=\"2023-11-06T21:29:35+00:00\" \/>\n<meta property=\"og:image\" content=\"http:\/\/produideas.com\/wp-content\/uploads\/2023\/08\/ANTIGUOMOTRIZ-6-1024x576.png\" \/>\n<meta name=\"twitter:card\" content=\"summary_large_image\" \/>\n<meta name=\"twitter:label1\" content=\"Tiempo de lectura\" \/>\n\t<meta name=\"twitter:data1\" content=\"1 minuto\" \/>\n<script type=\"application\/ld+json\" class=\"yoast-schema-graph\">{\"@context\":\"https:\\\/\\\/schema.org\",\"@graph\":[{\"@type\":\"WebPage\",\"@id\":\"https:\\\/\\\/produideas.com\\\/\",\"url\":\"https:\\\/\\\/produideas.com\\\/\",\"name\":\"INICIO - REALIZACI\u00d3N AUDIOVISUAL\",\"isPartOf\":{\"@id\":\"https:\\\/\\\/produideas.com\\\/#website\"},\"primaryImageOfPage\":{\"@id\":\"https:\\\/\\\/produideas.com\\\/#primaryimage\"},\"image\":{\"@id\":\"https:\\\/\\\/produideas.com\\\/#primaryimage\"},\"thumbnailUrl\":\"http:\\\/\\\/produideas.com\\\/wp-content\\\/uploads\\\/2023\\\/08\\\/ANTIGUOMOTRIZ-6-1536x864.png\",\"datePublished\":\"2023-01-13T00:41:33+00:00\",\"dateModified\":\"2023-11-06T21:29:35+00:00\",\"description\":\"Cubrimiento de eventos en Video y Fotograf\u00eda.| Eventos | Celebraciones | Presentaciones | Lanzamientos. Cont\u00e1ctenos.\",\"breadcrumb\":{\"@id\":\"https:\\\/\\\/produideas.com\\\/#breadcrumb\"},\"inLanguage\":\"es-CO\",\"potentialAction\":[{\"@type\":\"ReadAction\",\"target\":[\"https:\\\/\\\/produideas.com\\\/\"]}]},{\"@type\":\"ImageObject\",\"inLanguage\":\"es-CO\",\"@id\":\"https:\\\/\\\/produideas.com\\\/#primaryimage\",\"url\":\"http:\\\/\\\/produideas.com\\\/wp-content\\\/uploads\\\/2023\\\/08\\\/ANTIGUOMOTRIZ-6-1536x864.png\",\"contentUrl\":\"http:\\\/\\\/produideas.com\\\/wp-content\\\/uploads\\\/2023\\\/08\\\/ANTIGUOMOTRIZ-6-1536x864.png\"},{\"@type\":\"BreadcrumbList\",\"@id\":\"https:\\\/\\\/produideas.com\\\/#breadcrumb\",\"itemListElement\":[{\"@type\":\"ListItem\",\"position\":1,\"name\":\"Inicio\",\"item\":\"https:\\\/\\\/produideas.com\\\/\"},{\"@type\":\"ListItem\",\"position\":2,\"name\":\"INICIO\"}]},{\"@type\":\"WebSite\",\"@id\":\"https:\\\/\\\/produideas.com\\\/#website\",\"url\":\"https:\\\/\\\/produideas.com\\\/\",\"name\":\"PRODUIDEAS REALIZACI\u00d3N AUDIOVISUAL\",\"description\":\"\",\"publisher\":{\"@id\":\"https:\\\/\\\/produideas.com\\\/#\\\/schema\\\/person\\\/ec51197deeddb7d9f127ed2d9e7a9f46\"},\"potentialAction\":[{\"@type\":\"SearchAction\",\"target\":{\"@type\":\"EntryPoint\",\"urlTemplate\":\"https:\\\/\\\/produideas.com\\\/?s={search_term_string}\"},\"query-input\":{\"@type\":\"PropertyValueSpecification\",\"valueRequired\":true,\"valueName\":\"search_term_string\"}}],\"inLanguage\":\"es-CO\"},{\"@type\":[\"Person\",\"Organization\"],\"@id\":\"https:\\\/\\\/produideas.com\\\/#\\\/schema\\\/person\\\/ec51197deeddb7d9f127ed2d9e7a9f46\",\"name\":\"carlosjsuarezg@gmail.com\",\"image\":{\"@type\":\"ImageObject\",\"inLanguage\":\"es-CO\",\"@id\":\"https:\\\/\\\/produideas.com\\\/wp-content\\\/uploads\\\/2023\\\/01\\\/cropped-LOGO-LETRA-BLANCO.png\",\"url\":\"https:\\\/\\\/produideas.com\\\/wp-content\\\/uploads\\\/2023\\\/01\\\/cropped-LOGO-LETRA-BLANCO.png\",\"contentUrl\":\"https:\\\/\\\/produideas.com\\\/wp-content\\\/uploads\\\/2023\\\/01\\\/cropped-LOGO-LETRA-BLANCO.png\",\"width\":5979,\"height\":3407,\"caption\":\"carlosjsuarezg@gmail.com\"},\"logo\":{\"@id\":\"https:\\\/\\\/produideas.com\\\/wp-content\\\/uploads\\\/2023\\\/01\\\/cropped-LOGO-LETRA-BLANCO.png\"},\"sameAs\":[\"https:\\\/\\\/produideas.com\"]}]}<\/script>\n<!-- \/ Yoast SEO plugin. -->","yoast_head_json":{"title":"INICIO - REALIZACI\u00d3N AUDIOVISUAL","description":"Cubrimiento de eventos en Video y Fotograf\u00eda.| Eventos | Celebraciones | Presentaciones | Lanzamientos. Cont\u00e1ctenos.","robots":{"index":"index","follow":"follow","max-snippet":"max-snippet:-1","max-image-preview":"max-image-preview:large","max-video-preview":"max-video-preview:-1"},"canonical":"https:\/\/produideas.com\/","og_locale":"es_ES","og_type":"article","og_title":"INICIO - REALIZACI\u00d3N AUDIOVISUAL","og_description":"Cubrimiento de eventos en Video y Fotograf\u00eda.| Eventos | Celebraciones | Presentaciones | Lanzamientos. Cont\u00e1ctenos.","og_url":"https:\/\/produideas.com\/","og_site_name":"REALIZACI\u00d3N AUDIOVISUAL","article_modified_time":"2023-11-06T21:29:35+00:00","og_image":[{"url":"http:\/\/produideas.com\/wp-content\/uploads\/2023\/08\/ANTIGUOMOTRIZ-6-1024x576.png","type":"","width":"","height":""}],"twitter_card":"summary_large_image","twitter_misc":{"Tiempo de lectura":"1 minuto"},"schema":{"@context":"https:\/\/schema.org","@graph":[{"@type":"WebPage","@id":"https:\/\/produideas.com\/","url":"https:\/\/produideas.com\/","name":"INICIO - REALIZACI\u00d3N AUDIOVISUAL","isPartOf":{"@id":"https:\/\/produideas.com\/#website"},"primaryImageOfPage":{"@id":"https:\/\/produideas.com\/#primaryimage"},"image":{"@id":"https:\/\/produideas.com\/#primaryimage"},"thumbnailUrl":"http:\/\/produideas.com\/wp-content\/uploads\/2023\/08\/ANTIGUOMOTRIZ-6-1536x864.png","datePublished":"2023-01-13T00:41:33+00:00","dateModified":"2023-11-06T21:29:35+00:00","description":"Cubrimiento de eventos en Video y Fotograf\u00eda.| Eventos | Celebraciones | Presentaciones | Lanzamientos. Cont\u00e1ctenos.","breadcrumb":{"@id":"https:\/\/produideas.com\/#breadcrumb"},"inLanguage":"es-CO","potentialAction":[{"@type":"ReadAction","target":["https:\/\/produideas.com\/"]}]},{"@type":"ImageObject","inLanguage":"es-CO","@id":"https:\/\/produideas.com\/#primaryimage","url":"http:\/\/produideas.com\/wp-content\/uploads\/2023\/08\/ANTIGUOMOTRIZ-6-1536x864.png","contentUrl":"http:\/\/produideas.com\/wp-content\/uploads\/2023\/08\/ANTIGUOMOTRIZ-6-1536x864.png"},{"@type":"BreadcrumbList","@id":"https:\/\/produideas.com\/#breadcrumb","itemListElement":[{"@type":"ListItem","position":1,"name":"Inicio","item":"https:\/\/produideas.com\/"},{"@type":"ListItem","position":2,"name":"INICIO"}]},{"@type":"WebSite","@id":"https:\/\/produideas.com\/#website","url":"https:\/\/produideas.com\/","name":"PRODUIDEAS REALIZACI\u00d3N AUDIOVISUAL","description":"","publisher":{"@id":"https:\/\/produideas.com\/#\/schema\/person\/ec51197deeddb7d9f127ed2d9e7a9f46"},"potentialAction":[{"@type":"SearchAction","target":{"@type":"EntryPoint","urlTemplate":"https:\/\/produideas.com\/?s={search_term_string}"},"query-input":{"@type":"PropertyValueSpecification","valueRequired":true,"valueName":"search_term_string"}}],"inLanguage":"es-CO"},{"@type":["Person","Organization"],"@id":"https:\/\/produideas.com\/#\/schema\/person\/ec51197deeddb7d9f127ed2d9e7a9f46","name":"carlosjsuarezg@gmail.com","image":{"@type":"ImageObject","inLanguage":"es-CO","@id":"https:\/\/produideas.com\/wp-content\/uploads\/2023\/01\/cropped-LOGO-LETRA-BLANCO.png","url":"https:\/\/produideas.com\/wp-content\/uploads\/2023\/01\/cropped-LOGO-LETRA-BLANCO.png","contentUrl":"https:\/\/produideas.com\/wp-content\/uploads\/2023\/01\/cropped-LOGO-LETRA-BLANCO.png","width":5979,"height":3407,"caption":"carlosjsuarezg@gmail.com"},"logo":{"@id":"https:\/\/produideas.com\/wp-content\/uploads\/2023\/01\/cropped-LOGO-LETRA-BLANCO.png"},"sameAs":["https:\/\/produideas.com"]}]}},"_links":{"self":[{"href":"https:\/\/produideas.com\/index.php\/wp-json\/wp\/v2\/pages\/230","targetHints":{"allow":["GET"]}}],"collection":[{"href":"https:\/\/produideas.com\/index.php\/wp-json\/wp\/v2\/pages"}],"about":[{"href":"https:\/\/produideas.com\/index.php\/wp-json\/wp\/v2\/types\/page"}],"author":[{"embeddable":true,"href":"https:\/\/produideas.com\/index.php\/wp-json\/wp\/v2\/users\/1"}],"replies":[{"embeddable":true,"href":"https:\/\/produideas.com\/index.php\/wp-json\/wp\/v2\/comments?post=230"}],"version-history":[{"count":264,"href":"https:\/\/produideas.com\/index.php\/wp-json\/wp\/v2\/pages\/230\/revisions"}],"predecessor-version":[{"id":795,"href":"https:\/\/produideas.com\/index.php\/wp-json\/wp\/v2\/pages\/230\/revisions\/795"}],"wp:attachment":[{"href":"https:\/\/produideas.com\/index.php\/wp-json\/wp\/v2\/media?parent=230"}],"curies":[{"name":"wp","href":"https:\/\/api.w.org\/{rel}","templated":true}]}}